{"id":1284,"date":"2018-10-09T09:16:29","date_gmt":"2018-10-09T09:16:29","guid":{"rendered":"https:\/\/eurobiomed.uniri.hr\/?page_id=1284"},"modified":"2022-01-12T11:46:31","modified_gmt":"2022-01-12T10:46:31","slug":"about","status":"publish","type":"page","link":"https:\/\/eurobiomed.uniri.hr\/?page_id=1284","title":{"rendered":"O Projektu"},"content":{"rendered":"\t\t<div data-elementor-type=\"wp-post\" data-elementor-id=\"1284\" class=\"elementor elementor-1284\" data-elementor-settings=\"[]\">\n\t\t\t\t\t\t\t<div class=\"elementor-section-wrap\">\n\t\t\t\t\t\t\t<section class=\"elementor-section elementor-top-section elementor-element elementor-element-6952e143 elementor-section-boxed elementor-section-height-default elementor-section-height-default\" data-id=\"6952e143\" data-element_type=\"section\" data-settings=\"{&quot;background_background&quot;:&quot;classic&quot;}\">\n\t\t\t\t\t\t<div class=\"elementor-container elementor-column-gap-no\">\n\t\t\t\t\t<div class=\"elementor-column elementor-col-100 elementor-top-column elementor-element elementor-element-fc98b27\" data-id=\"fc98b27\" data-element_type=\"column\">\n\t\t\t<div class=\"elementor-widget-wrap elementor-element-populated\">\n\t\t\t\t\t\t\t\t<div class=\"elementor-element elementor-element-282d8ac3 elementor-widget elementor-widget-heading\" data-id=\"282d8ac3\" data-element_type=\"widget\" data-widget_type=\"heading.default\">\n\t\t\t\t<div class=\"elementor-widget-container\">\n\t\t\t<style>\/*! elementor - v3.5.3 - 28-12-2021 *\/\n.elementor-heading-title{padding:0;margin:0;line-height:1}.elementor-widget-heading .elementor-heading-title[class*=elementor-size-]>a{color:inherit;font-size:inherit;line-height:inherit}.elementor-widget-heading .elementor-heading-title.elementor-size-small{font-size:15px}.elementor-widget-heading .elementor-heading-title.elementor-size-medium{font-size:19px}.elementor-widget-heading .elementor-heading-title.elementor-size-large{font-size:29px}.elementor-widget-heading .elementor-heading-title.elementor-size-xl{font-size:39px}.elementor-widget-heading .elementor-heading-title.elementor-size-xxl{font-size:59px}<\/style><h5 class=\"elementor-heading-title elementor-size-default\">Nekoliko rije\u010di<\/h5>\t\t<\/div>\n\t\t\t\t<\/div>\n\t\t\t\t<div class=\"elementor-element elementor-element-956309d elementor-widget elementor-widget-heading\" data-id=\"956309d\" data-element_type=\"widget\" data-widget_type=\"heading.default\">\n\t\t\t\t<div class=\"elementor-widget-container\">\n\t\t\t<h1 class=\"elementor-heading-title elementor-size-default\">O Projektu<\/h1>\t\t<\/div>\n\t\t\t\t<\/div>\n\t\t\t\t\t<\/div>\n\t\t<\/div>\n\t\t\t\t\t\t\t<\/div>\n\t\t<\/section>\n\t\t\t\t<section class=\"elementor-section elementor-top-section elementor-element elementor-element-35833b72 elementor-section-boxed elementor-section-height-default elementor-section-height-default elementor-invisible\" data-id=\"35833b72\" data-element_type=\"section\" data-settings=\"{&quot;background_background&quot;:&quot;classic&quot;,&quot;animation&quot;:&quot;fadeInLeft&quot;}\">\n\t\t\t\t\t\t<div class=\"elementor-container elementor-column-gap-no\">\n\t\t\t\t\t<div class=\"elementor-column elementor-col-33 elementor-top-column elementor-element elementor-element-4e4f91b1\" data-id=\"4e4f91b1\" data-element_type=\"column\">\n\t\t\t<div class=\"elementor-widget-wrap elementor-element-populated\">\n\t\t\t\t\t\t\t\t<div class=\"elementor-element elementor-element-5a6386b elementor-widget elementor-widget-heading\" data-id=\"5a6386b\" data-element_type=\"widget\" data-widget_type=\"heading.default\">\n\t\t\t\t<div class=\"elementor-widget-container\">\n\t\t\t<h5 class=\"elementor-heading-title elementor-size-default\">Dobrodo\u0161li<\/h5>\t\t<\/div>\n\t\t\t\t<\/div>\n\t\t\t\t<div class=\"elementor-element elementor-element-1ffc8b54 elementor-widget elementor-widget-heading\" data-id=\"1ffc8b54\" data-element_type=\"widget\" data-widget_type=\"heading.default\">\n\t\t\t\t<div class=\"elementor-widget-container\">\n\t\t\t<h2 class=\"elementor-heading-title elementor-size-default\">Nekoliko rije\u010di <br> o projektu<\/h2>\t\t<\/div>\n\t\t\t\t<\/div>\n\t\t\t\t<div class=\"elementor-element elementor-element-4a4388c6 elementor-widget-divider--view-line elementor-widget elementor-widget-divider\" data-id=\"4a4388c6\" data-element_type=\"widget\" data-widget_type=\"divider.default\">\n\t\t\t\t<div class=\"elementor-widget-container\">\n\t\t\t<style>\/*! elementor - v3.5.3 - 28-12-2021 *\/\n.elementor-widget-divider{--divider-border-style:none;--divider-border-width:1px;--divider-color:#2c2c2c;--divider-icon-size:20px;--divider-element-spacing:10px;--divider-pattern-height:24px;--divider-pattern-size:20px;--divider-pattern-url:none;--divider-pattern-repeat:repeat-x}.elementor-widget-divider .elementor-divider{display:-webkit-box;display:-ms-flexbox;display:flex}.elementor-widget-divider .elementor-divider__text{font-size:15px;line-height:1;max-width:95%}.elementor-widget-divider .elementor-divider__element{margin:0 var(--divider-element-spacing);-ms-flex-negative:0;flex-shrink:0}.elementor-widget-divider .elementor-icon{font-size:var(--divider-icon-size)}.elementor-widget-divider .elementor-divider-separator{display:-webkit-box;display:-ms-flexbox;display:flex;margin:0;direction:ltr}.elementor-widget-divider--view-line_icon .elementor-divider-separator,.elementor-widget-divider--view-line_text .elementor-divider-separator{-webkit-box-align:center;-ms-flex-align:center;align-items:center}.elementor-widget-divider--view-line_icon .elementor-divider-separator:after,.elementor-widget-divider--view-line_icon .elementor-divider-separator:before,.elementor-widget-divider--view-line_text .elementor-divider-separator:after,.elementor-widget-divider--view-line_text .elementor-divider-separator:before{display:block;content:\"\";border-bottom:0;-webkit-box-flex:1;-ms-flex-positive:1;flex-grow:1;border-top:var(--divider-border-width) var(--divider-border-style) var(--divider-color)}.elementor-widget-divider--element-align-left .elementor-divider .elementor-divider-separator>.elementor-divider__svg:first-of-type{-webkit-box-flex:0;-ms-flex-positive:0;flex-grow:0;-ms-flex-negative:100;flex-shrink:100}.elementor-widget-divider--element-align-left .elementor-divider-separator:before{content:none}.elementor-widget-divider--element-align-left .elementor-divider__element{margin-left:0}.elementor-widget-divider--element-align-right .elementor-divider .elementor-divider-separator>.elementor-divider__svg:last-of-type{-webkit-box-flex:0;-ms-flex-positive:0;flex-grow:0;-ms-flex-negative:100;flex-shrink:100}.elementor-widget-divider--element-align-right .elementor-divider-separator:after{content:none}.elementor-widget-divider--element-align-right .elementor-divider__element{margin-right:0}.elementor-widget-divider:not(.elementor-widget-divider--view-line_text):not(.elementor-widget-divider--view-line_icon) .elementor-divider-separator{border-top:var(--divider-border-width) var(--divider-border-style) var(--divider-color)}.elementor-widget-divider--separator-type-pattern{--divider-border-style:none}.elementor-widget-divider--separator-type-pattern.elementor-widget-divider--view-line .elementor-divider-separator,.elementor-widget-divider--separator-type-pattern:not(.elementor-widget-divider--view-line) .elementor-divider-separator:after,.elementor-widget-divider--separator-type-pattern:not(.elementor-widget-divider--view-line) .elementor-divider-separator:before,.elementor-widget-divider--separator-type-pattern:not([class*=elementor-widget-divider--view]) .elementor-divider-separator{width:100%;min-height:var(--divider-pattern-height);-webkit-mask-size:var(--divider-pattern-size) 100%;mask-size:var(--divider-pattern-size) 100%;-webkit-mask-repeat:var(--divider-pattern-repeat);mask-repeat:var(--divider-pattern-repeat);background-color:var(--divider-color);-webkit-mask-image:var(--divider-pattern-url);mask-image:var(--divider-pattern-url)}.elementor-widget-divider--no-spacing{--divider-pattern-size:auto}.elementor-widget-divider--bg-round{--divider-pattern-repeat:round}.rtl .elementor-widget-divider .elementor-divider__text{direction:rtl}<\/style>\t\t<div class=\"elementor-divider\">\n\t\t\t<span class=\"elementor-divider-separator\">\n\t\t\t\t\t\t<\/span>\n\t\t<\/div>\n\t\t\t\t<\/div>\n\t\t\t\t<\/div>\n\t\t\t\t\t<\/div>\n\t\t<\/div>\n\t\t\t\t<div class=\"elementor-column elementor-col-66 elementor-top-column elementor-element elementor-element-3675354a\" data-id=\"3675354a\" data-element_type=\"column\">\n\t\t\t<div class=\"elementor-widget-wrap elementor-element-populated\">\n\t\t\t\t\t\t\t\t<div class=\"elementor-element elementor-element-29886a31 elementor-widget elementor-widget-text-editor\" data-id=\"29886a31\" data-element_type=\"widget\" data-widget_type=\"text-editor.default\">\n\t\t\t\t<div class=\"elementor-widget-container\">\n\t\t\t<style>\/*! elementor - v3.5.3 - 28-12-2021 *\/\n.elementor-widget-text-editor.elementor-drop-cap-view-stacked .elementor-drop-cap{background-color:#818a91;color:#fff}.elementor-widget-text-editor.elementor-drop-cap-view-framed .elementor-drop-cap{color:#818a91;border:3px solid;background-color:transparent}.elementor-widget-text-editor:not(.elementor-drop-cap-view-default) .elementor-drop-cap{margin-top:8px}.elementor-widget-text-editor:not(.elementor-drop-cap-view-default) .elementor-drop-cap-letter{width:1em;height:1em}.elementor-widget-text-editor .elementor-drop-cap{float:left;text-align:center;line-height:1;font-size:50px}.elementor-widget-text-editor .elementor-drop-cap-letter{display:inline-block}<\/style>\t\t\t\t<p>Zadnjih godina vidljiva je tendencija kontinentalnog, regionalnog, pa i nacionalnog definiranja i razvijanja bioeti\u010dkih ideja (\u201eeuropska bioetika\u201c, \u201eisto\u010dnoazijska bioetika\u201c, \u201ebosanska bioetika\u201c,&#8230;), nerijetko s ciljem diferenciranja prema dominantoj i su\u017eenoj bioeti\u010dkoj paradigmi \u2013 zapravo biomedicinskoj etici \u2013 koju od 1970-ih promi\u010de ve\u0107ina angloameri\u010dkih institucija. Polaze\u0107i od bliskih kulturolo\u0161kih inicijativa (\u0160panjolska, Italija), kao i nekih doma\u0107ih primjera poku\u0161aja koncipiranja \u201emediteranske bioetike\u201c, cilj je projekta analizirati sli\u010dnosti i razlike bioeti\u010dkih tradicija i njihovih razvojnih putova na europskom Sredozemlju.<\/p>\t\t\t\t\t\t<\/div>\n\t\t\t\t<\/div>\n\t\t\t\t\t<\/div>\n\t\t<\/div>\n\t\t\t\t\t\t\t<\/div>\n\t\t<\/section>\n\t\t\t\t<section class=\"elementor-section elementor-top-section elementor-element elementor-element-3e33ef03 elementor-section-full_width elementor-section-content-middle elementor-section-height-default elementor-section-height-default\" data-id=\"3e33ef03\" data-element_type=\"section\">\n\t\t\t\t\t\t<div class=\"elementor-container elementor-column-gap-no\">\n\t\t\t\t\t<div class=\"elementor-column elementor-col-50 elementor-top-column elementor-element elementor-element-ab40389\" data-id=\"ab40389\" data-element_type=\"column\" data-settings=\"{&quot;background_background&quot;:&quot;classic&quot;}\">\n\t\t\t<div class=\"elementor-widget-wrap elementor-element-populated\">\n\t\t\t\t\t\t\t\t<div class=\"elementor-element elementor-element-581b0b06 elementor-widget elementor-widget-image\" data-id=\"581b0b06\" data-element_type=\"widget\" data-widget_type=\"image.default\">\n\t\t\t\t<div class=\"elementor-widget-container\">\n\t\t\t<style>\/*! elementor - v3.5.3 - 28-12-2021 *\/\n.elementor-widget-image{text-align:center}.elementor-widget-image a{display:inline-block}.elementor-widget-image a img[src$=\".svg\"]{width:48px}.elementor-widget-image img{vertical-align:middle;display:inline-block}<\/style>\t\t\t\t\t\t\t\t\t\t\t\t<img width=\"1024\" height=\"133\" src=\"https:\/\/eurobiomed.uniri.hr\/wp-content\/uploads\/2022\/01\/services-bg2-1024x133.jpg\" class=\"attachment-large size-large\" alt=\"\" loading=\"lazy\" srcset=\"https:\/\/eurobiomed.uniri.hr\/wp-content\/uploads\/2022\/01\/services-bg2-1024x133.jpg 1024w, https:\/\/eurobiomed.uniri.hr\/wp-content\/uploads\/2022\/01\/services-bg2-300x39.jpg 300w, https:\/\/eurobiomed.uniri.hr\/wp-content\/uploads\/2022\/01\/services-bg2-768x100.jpg 768w, https:\/\/eurobiomed.uniri.hr\/wp-content\/uploads\/2022\/01\/services-bg2-1536x200.jpg 1536w, https:\/\/eurobiomed.uniri.hr\/wp-content\/uploads\/2022\/01\/services-bg2.jpg 1920w\" sizes=\"(max-width: 1024px) 100vw, 1024px\" \/>\t\t\t\t\t\t\t\t\t\t\t\t\t\t\t<\/div>\n\t\t\t\t<\/div>\n\t\t\t\t\t<\/div>\n\t\t<\/div>\n\t\t\t\t<div class=\"elementor-column elementor-col-50 elementor-top-column elementor-element elementor-element-1d943bbf\" data-id=\"1d943bbf\" data-element_type=\"column\" data-settings=\"{&quot;background_background&quot;:&quot;classic&quot;}\">\n\t\t\t<div class=\"elementor-widget-wrap elementor-element-populated\">\n\t\t\t\t\t\t\t\t<div class=\"elementor-element elementor-element-3bf2ba34 elementor-widget elementor-widget-image\" data-id=\"3bf2ba34\" data-element_type=\"widget\" data-widget_type=\"image.default\">\n\t\t\t\t<div class=\"elementor-widget-container\">\n\t\t\t\t\t\t\t\t\t\t\t\t\t\t\t<img width=\"1024\" height=\"133\" src=\"https:\/\/eurobiomed.uniri.hr\/wp-content\/uploads\/2022\/01\/services-bg-1024x133.jpg\" class=\"attachment-large size-large\" alt=\"\" loading=\"lazy\" srcset=\"https:\/\/eurobiomed.uniri.hr\/wp-content\/uploads\/2022\/01\/services-bg-1024x133.jpg 1024w, https:\/\/eurobiomed.uniri.hr\/wp-content\/uploads\/2022\/01\/services-bg-300x39.jpg 300w, https:\/\/eurobiomed.uniri.hr\/wp-content\/uploads\/2022\/01\/services-bg-768x100.jpg 768w, https:\/\/eurobiomed.uniri.hr\/wp-content\/uploads\/2022\/01\/services-bg-1536x200.jpg 1536w, https:\/\/eurobiomed.uniri.hr\/wp-content\/uploads\/2022\/01\/services-bg.jpg 1920w\" sizes=\"(max-width: 1024px) 100vw, 1024px\" \/>\t\t\t\t\t\t\t\t\t\t\t\t\t\t\t<\/div>\n\t\t\t\t<\/div>\n\t\t\t\t\t<\/div>\n\t\t<\/div>\n\t\t\t\t\t\t\t<\/div>\n\t\t<\/section>\n\t\t\t\t<section class=\"elementor-section elementor-top-section elementor-element elementor-element-5dcbfe4a elementor-section-boxed elementor-section-height-default elementor-section-height-default elementor-invisible\" data-id=\"5dcbfe4a\" data-element_type=\"section\" data-settings=\"{&quot;animation&quot;:&quot;fadeInLeft&quot;}\">\n\t\t\t\t\t\t<div class=\"elementor-container elementor-column-gap-no\">\n\t\t\t\t\t<div class=\"elementor-column elementor-col-100 elementor-top-column elementor-element elementor-element-6058f88d\" data-id=\"6058f88d\" data-element_type=\"column\">\n\t\t\t<div class=\"elementor-widget-wrap elementor-element-populated\">\n\t\t\t\t\t\t\t\t<div class=\"elementor-element elementor-element-6eced759 elementor-widget elementor-widget-heading\" data-id=\"6eced759\" data-element_type=\"widget\" data-widget_type=\"heading.default\">\n\t\t\t\t<div class=\"elementor-widget-container\">\n\t\t\t<h3 class=\"elementor-heading-title elementor-size-default\">EUROBIOMED<\/h3>\t\t<\/div>\n\t\t\t\t<\/div>\n\t\t\t\t<div class=\"elementor-element elementor-element-4eb7229e elementor-widget-divider--view-line elementor-widget elementor-widget-divider\" data-id=\"4eb7229e\" data-element_type=\"widget\" data-widget_type=\"divider.default\">\n\t\t\t\t<div class=\"elementor-widget-container\">\n\t\t\t\t\t<div class=\"elementor-divider\">\n\t\t\t<span class=\"elementor-divider-separator\">\n\t\t\t\t\t\t<\/span>\n\t\t<\/div>\n\t\t\t\t<\/div>\n\t\t\t\t<\/div>\n\t\t\t\t<div class=\"elementor-element elementor-element-6a5a43ae elementor-widget elementor-widget-text-editor\" data-id=\"6a5a43ae\" data-element_type=\"widget\" data-widget_type=\"text-editor.default\">\n\t\t\t\t<div class=\"elementor-widget-container\">\n\t\t\t\t\t\t\t<p>Teorijska analiza bit \u0107e upotpunjena empirijskim istra\u017eivanjem, s kona\u010dnim ciljem formiranja zajedni\u010dke euromediteranske bioeti\u010dke platforme. Od metoda, primjenjivat \u0107e se: kriti\u010dka usporedna analiza objavljenih tekstova o povijesti bioetike u \u0160panjolskoj, Italiji, Hrvatskoj, Gr\u010dkoj i dr.; usporedba postoje\u0107ih ideja i spoznaja, kao preduvjet rasprave na na\u010delima integrativnobioeti\u010dkog pluriperspektivizma kroz razli\u010dite oblike radionica\/konferencija; istra\u017eivanje stavova o \u201ebioeti\u010dkim standardima\u201c (rezultat IP \u201eEuropska bioetika na djelu \u2013 EuroBioAct, HRZZ 2014.-2017., voditelj A. Muzur); kvantitatvno empirijsko istra\u017eivanje s odgovaraju\u0107im uzorkom studenata medicinskih, teolo\u0161kih, pravnih i filozofskih fakulteta u Messini, Solunu, Rijeci, Zagrebu i Splitu i Barceloni; trajna otvorena metoda koordinacije; pokretanje interaktivnih mre\u017enih stranica s bazama podataka o sli\u010dnostima i razlikama me\u0111u tradicijama, stavovima, dominantnim bioeti\u010dkim \u0161kolama i projektima, \u010dime \u0107e se uspostaviti odr\u017eiv model dijaloga i djelovanja \u201eEuromediteranske bioeti\u010dke platforme\u201c. O\u010dekivani rezultati: detektirane sli\u010dnosti i razlike me\u0111u bioeti\u010dkim tradicijama Euromediterana, analizirani stavovi o bioeti\u010dkim standardima u odabranim zemljama Euromediterana, zajedni\u010dka povelja bioeti\u010dkih standarda, interaktivna mre\u017ena stranica s bazama podataka.<\/p>\t\t\t\t\t\t<\/div>\n\t\t\t\t<\/div>\n\t\t\t\t\t<\/div>\n\t\t<\/div>\n\t\t\t\t\t\t\t<\/div>\n\t\t<\/section>\n\t\t\t\t<section class=\"elementor-section elementor-top-section elementor-element elementor-element-baf2723 elementor-section-boxed elementor-section-height-default elementor-section-height-default\" data-id=\"baf2723\" data-element_type=\"section\" data-settings=\"{&quot;background_background&quot;:&quot;classic&quot;}\">\n\t\t\t\t\t\t<div class=\"elementor-container elementor-column-gap-no\">\n\t\t\t\t\t<div class=\"elementor-column elementor-col-100 elementor-top-column elementor-element elementor-element-ed357c7\" data-id=\"ed357c7\" data-element_type=\"column\">\n\t\t\t<div class=\"elementor-widget-wrap elementor-element-populated\">\n\t\t\t\t\t\t\t\t<div class=\"elementor-element elementor-element-4f17df4 elementor-widget elementor-widget-image\" data-id=\"4f17df4\" data-element_type=\"widget\" data-widget_type=\"image.default\">\n\t\t\t\t<div class=\"elementor-widget-container\">\n\t\t\t\t\t\t\t\t\t\t\t\t\t\t\t<img width=\"1024\" height=\"232\" src=\"https:\/\/eurobiomed.uniri.hr\/wp-content\/uploads\/2022\/01\/logo_zaklada_medri-1024x232.jpg\" class=\"attachment-large size-large\" alt=\"\" loading=\"lazy\" srcset=\"https:\/\/eurobiomed.uniri.hr\/wp-content\/uploads\/2022\/01\/logo_zaklada_medri-1024x232.jpg 1024w, https:\/\/eurobiomed.uniri.hr\/wp-content\/uploads\/2022\/01\/logo_zaklada_medri-300x68.jpg 300w, https:\/\/eurobiomed.uniri.hr\/wp-content\/uploads\/2022\/01\/logo_zaklada_medri-768x174.jpg 768w, https:\/\/eurobiomed.uniri.hr\/wp-content\/uploads\/2022\/01\/logo_zaklada_medri.jpg 1110w\" sizes=\"(max-width: 1024px) 100vw, 1024px\" \/>\t\t\t\t\t\t\t\t\t\t\t\t\t\t\t<\/div>\n\t\t\t\t<\/div>\n\t\t\t\t<div class=\"elementor-element elementor-element-a2a0584 elementor-widget-divider--view-line elementor-widget elementor-widget-divider\" data-id=\"a2a0584\" data-element_type=\"widget\" data-widget_type=\"divider.default\">\n\t\t\t\t<div class=\"elementor-widget-container\">\n\t\t\t\t\t<div class=\"elementor-divider\">\n\t\t\t<span class=\"elementor-divider-separator\">\n\t\t\t\t\t\t<\/span>\n\t\t<\/div>\n\t\t\t\t<\/div>\n\t\t\t\t<\/div>\n\t\t\t\t<div class=\"elementor-element elementor-element-1d178c5 elementor-widget elementor-widget-heading\" data-id=\"1d178c5\" data-element_type=\"widget\" data-widget_type=\"heading.default\">\n\t\t\t\t<div class=\"elementor-widget-container\">\n\t\t\t<h5 class=\"elementor-heading-title elementor-size-default\">Ovaj projekt (IP-2020-02-7450) financira Hrvatska zaklada za znanost.<\/h5>\t\t<\/div>\n\t\t\t\t<\/div>\n\t\t\t\t\t<\/div>\n\t\t<\/div>\n\t\t\t\t\t\t\t<\/div>\n\t\t<\/section>\n\t\t\t\t<section class=\"elementor-section elementor-top-section elementor-element elementor-element-8177816 elementor-section-full_width elementor-section-stretched elementor-section-height-default elementor-section-height-default\" data-id=\"8177816\" data-element_type=\"section\" data-settings=\"{&quot;stretch_section&quot;:&quot;section-stretched&quot;,&quot;background_background&quot;:&quot;classic&quot;}\">\n\t\t\t\t\t\t<div class=\"elementor-container elementor-column-gap-default\">\n\t\t\t\t\t<div class=\"elementor-column elementor-col-100 elementor-top-column elementor-element elementor-element-a0516da\" data-id=\"a0516da\" data-element_type=\"column\">\n\t\t\t<div class=\"elementor-widget-wrap elementor-element-populated\">\n\t\t\t\t\t\t\t\t<div class=\"elementor-element elementor-element-4e01a2b elementor-widget elementor-widget-spacer\" data-id=\"4e01a2b\" data-element_type=\"widget\" data-widget_type=\"spacer.default\">\n\t\t\t\t<div class=\"elementor-widget-container\">\n\t\t\t\t\t<div class=\"elementor-spacer\">\n\t\t\t<div class=\"elementor-spacer-inner\"><\/div>\n\t\t<\/div>\n\t\t\t\t<\/div>\n\t\t\t\t<\/div>\n\t\t\t\t\t<\/div>\n\t\t<\/div>\n\t\t\t\t\t\t\t<\/div>\n\t\t<\/section>\n\t\t\t\t\t\t<\/div>\n\t\t\t\t\t<\/div>\n\t\t","protected":false},"excerpt":{"rendered":"<p>Nekoliko rije\u010di O Projektu Dobrodo\u0161li Nekoliko rije\u010di o projektu Zadnjih godina vidljiva je tendencija kontinentalnog, regionalnog, pa i nacionalnog definiranja i razvijanja bioeti\u010dkih ideja (\u201eeuropska bioetika\u201c, \u201eisto\u010dnoazijska bioetika\u201c, \u201ebosanska bioetika\u201c,&#8230;), nerijetko s ciljem diferenciranja prema dominantoj i su\u017eenoj bioeti\u010dkoj paradigmi \u2013 zapravo biomedicinskoj etici \u2013 koju od 1970-ih promi\u010de ve\u0107ina angloameri\u010dkih institucija. Polaze\u0107i od bliskih &hellip;<\/p>\n<p class=\"read-more\"> <a class=\"\" href=\"https:\/\/eurobiomed.uniri.hr\/?page_id=1284\"> <span class=\"screen-reader-text\">O Projektu<\/span> Read More &raquo;<\/a><\/p>\n","protected":false},"author":2,"featured_media":0,"parent":0,"menu_order":0,"comment_status":"closed","ping_status":"closed","template":"","meta":{"site-sidebar-layout":"no-sidebar","site-content-layout":"page-builder","ast-main-header-display":"","ast-hfb-above-header-display":"","ast-hfb-below-header-display":"","ast-hfb-mobile-header-display":"","site-post-title":"disabled","ast-breadcrumbs-content":"","ast-featured-img":"disabled","footer-sml-layout":"","theme-transparent-header-meta":"enabled","adv-header-id-meta":"","stick-header-meta":"","header-above-stick-meta":"","header-main-stick-meta":"","header-below-stick-meta":""},"_links":{"self":[{"href":"https:\/\/eurobiomed.uniri.hr\/index.php?rest_route=\/wp\/v2\/pages\/1284"}],"collection":[{"href":"https:\/\/eurobiomed.uniri.hr\/index.php?rest_route=\/wp\/v2\/pages"}],"about":[{"href":"https:\/\/eurobiomed.uniri.hr\/index.php?rest_route=\/wp\/v2\/types\/page"}],"author":[{"embeddable":true,"href":"https:\/\/eurobiomed.uniri.hr\/index.php?rest_route=\/wp\/v2\/users\/2"}],"replies":[{"embeddable":true,"href":"https:\/\/eurobiomed.uniri.hr\/index.php?rest_route=%2Fwp%2Fv2%2Fcomments&post=1284"}],"version-history":[{"count":67,"href":"https:\/\/eurobiomed.uniri.hr\/index.php?rest_route=\/wp\/v2\/pages\/1284\/revisions"}],"predecessor-version":[{"id":1840,"href":"https:\/\/eurobiomed.uniri.hr\/index.php?rest_route=\/wp\/v2\/pages\/1284\/revisions\/1840"}],"wp:attachment":[{"href":"https:\/\/eurobiomed.uniri.hr\/index.php?rest_route=%2Fwp%2Fv2%2Fmedia&parent=1284"}],"curies":[{"name":"wp","href":"https:\/\/api.w.org\/{rel}","templated":true}]}}